{"id":2914,"date":"2022-10-26T06:50:28","date_gmt":"2022-10-26T06:50:28","guid":{"rendered":"https:\/\/hotelmardeplatasarria.com\/datenschutzbestimmungen\/"},"modified":"2024-06-17T12:03:33","modified_gmt":"2024-06-17T12:03:33","slug":"datenschutzbestimmungen","status":"publish","type":"page","link":"https:\/\/hotelmardeplatasarria.com\/de\/datenschutzbestimmungen\/","title":{"rendered":"Datenschutzbestimmungen"},"content":{"rendered":"\n<h5 class=\"wp-block-heading\"><strong>Pers\u00f6nliche Daten:<\/strong><\/h5>\n\n<p>Diese Datenschutzrichtlinie beschreibt, wie das Hotel Mar de Plata (&#8222;wir&#8220;, &#8222;uns&#8220;, &#8222;unser&#8220; oder &#8222;uns&#8220;) die pers\u00f6nlichen Daten, die Sie uns bei der Nutzung unserer Dienste und beim Besuch unserer Website zur Verf\u00fcgung stellen, erfasst, verwendet und sch\u00fctzt.<\/p>\n\n<h5 class=\"wp-block-heading\"><strong>1. die Datenerhebung<\/strong><\/h5>\n\n<p>  Wir erfassen personenbezogene Daten, wenn Sie mit uns in Kontakt treten, sei es \u00fcber unsere Website, E-Mails, Kontaktformulare oder andere direkte Kommunikationsmittel. Diese Informationen k\u00f6nnen unter anderem Namen, E-Mail-Adressen, Telefonnummern und Buchungspr\u00e4ferenzen umfassen.<\/p>\n\n<h5 class=\"wp-block-heading\"><strong>2. Verwendung von Informationen<\/strong><\/h5>\n\n<p>Wir verwenden die von uns erfassten pers\u00f6nlichen Daten, um Buchungen zu bearbeiten, Ihr Erlebnis zu personalisieren, unsere Dienstleistungen zu verbessern und Ihre Anfragen zu beantworten. Wir geben Ihre pers\u00f6nlichen Daten nicht an Dritte weiter und verkaufen sie auch nicht ohne Ihre ausdr\u00fcckliche Zustimmung.<\/p>\n\n<h5 class=\"wp-block-heading\"><strong>3. Lagerung und Sicherheit<\/strong><\/h5>\n\n<p>  Wir ergreifen Sicherheitsma\u00dfnahmen, um Ihre pers\u00f6nlichen Daten zu sch\u00fctzen. Bitte beachten Sie jedoch, dass die Daten\u00fcbertragung \u00fcber das Internet nie v\u00f6llig sicher ist. Obwohl wir uns bem\u00fchen, die Sicherheit Ihrer Daten zu gew\u00e4hrleisten, k\u00f6nnen wir nicht f\u00fcr deren absolute Sicherheit garantieren.<\/p>\n\n<h5 class=\"wp-block-heading\"><strong>4. Cookies und \u00e4hnliche Technologien<\/strong><\/h5>\n\n<p>  Unsere Website kann Cookies und \u00e4hnliche Technologien verwenden, um die Benutzerfreundlichkeit zu verbessern und Informationen \u00fcber die Nutzung der Website zu sammeln. Sie k\u00f6nnen Ihre Cookie-Einstellungen \u00fcber Ihre Browser-Einstellungen verwalten. Lesen Sie unsere <a href=\"https:\/\/hotelmardeplatasarria.com\/de\/cookie-richtlinie-eu\/\">Cookie-Richtlinie<\/a> f\u00fcr weitere Informationen.<\/p>\n\n<h5 class=\"wp-block-heading\"><strong>5. Benutzerrechte<\/strong><\/h5>\n\n<p>Sie haben das Recht auf Zugang, Berichtigung, L\u00f6schung oder Widerspruch gegen die Verarbeitung Ihrer personenbezogenen Daten. Wenn Sie eines dieser Rechte aus\u00fcben m\u00f6chten, wenden Sie sich bitte an uns, indem Sie die im Abschnitt Kontakt angegebenen Informationen verwenden.<\/p>\n\n<h5 class=\"wp-block-heading\"><strong>6. \u00c4nderungen der Datenschutzbestimmungen<\/strong><\/h5>\n\n<p>Wir behalten uns das Recht vor, diese Richtlinie jederzeit zu aktualisieren. Wir empfehlen Ihnen, diese Seite regelm\u00e4\u00dfig zu besuchen, um sich \u00fcber \u00c4nderungen zu informieren.<\/p>\n\n<p>Durch die Nutzung unserer Dienste erkl\u00e4ren Sie sich mit den Bedingungen unserer Datenschutzrichtlinie einverstanden. Wenn Sie Fragen oder Bedenken haben, z\u00f6gern Sie bitte nicht, uns zu kontaktieren.<\/p>\n\n<p>Datum der letzten Aktualisierung:  [8\/03\/2024]<\/p>\n","protected":false},"excerpt":{"rendered":"<p>Pers\u00f6nliche Daten: Diese Datenschutzrichtlinie beschreibt, wie das Hotel Mar de Plata (&#8222;wir&#8220;, &#8222;uns&#8220;, &#8222;unser&#8220; oder &#8222;uns&#8220;) die pers\u00f6nlichen Daten, die Sie uns bei der Nutzung unserer Dienste und beim Besuch unserer Website zur Verf\u00fcgung stellen, erfasst, verwendet und sch\u00fctzt. 1&#8230;.<\/p>\n","protected":false},"author":1,"featured_media":0,"parent":0,"menu_order":0,"comment_status":"closed","ping_status":"closed","template":"","meta":{"footnotes":""},"class_list":["post-2914","page","type-page","status-publish","hentry"],"acf":[],"yoast_head":"<!-- This site is optimized with the Yoast SEO plugin v26.9 - https:\/\/yoast.com\/product\/yoast-seo-wordpress\/ -->\n<title>Datenschutzbestimmungen - Hotel Mar de Plata<\/title>\n<meta name=\"robots\" content=\"index, follow, max-snippet:-1, max-image-preview:large, max-video-preview:-1\" \/>\n<link rel=\"canonical\" href=\"https:\/\/hotelmardeplatasarria.com\/de\/datenschutzbestimmungen\/\" \/>\n<meta property=\"og:locale\" content=\"de_DE\" \/>\n<meta property=\"og:type\" content=\"article\" \/>\n<meta property=\"og:title\" content=\"Datenschutzbestimmungen - Hotel Mar de Plata\" \/>\n<meta property=\"og:description\" content=\"Pers\u00f6nliche Daten: Diese Datenschutzrichtlinie beschreibt, wie das Hotel Mar de Plata (&#8222;wir&#8220;, &#8222;uns&#8220;, &#8222;unser&#8220; oder &#8222;uns&#8220;) die pers\u00f6nlichen Daten, die Sie uns bei der Nutzung unserer Dienste und beim Besuch unserer Website zur Verf\u00fcgung stellen, erfasst, verwendet und sch\u00fctzt. 1....\" \/>\n<meta property=\"og:url\" content=\"https:\/\/hotelmardeplatasarria.com\/de\/datenschutzbestimmungen\/\" \/>\n<meta property=\"og:site_name\" content=\"Hotel Mar de Plata\" \/>\n<meta property=\"article:modified_time\" content=\"2024-06-17T12:03:33+00:00\" \/>\n<meta name=\"twitter:card\" content=\"summary_large_image\" \/>\n<meta name=\"twitter:label1\" content=\"Gesch\u00e4tzte Lesezeit\" \/>\n\t<meta name=\"twitter:data1\" content=\"2\u00a0Minuten\" \/>\n<script type=\"application\/ld+json\" class=\"yoast-schema-graph\">{\"@context\":\"https:\/\/schema.org\",\"@graph\":[{\"@type\":\"WebPage\",\"@id\":\"https:\/\/hotelmardeplatasarria.com\/de\/datenschutzbestimmungen\/\",\"url\":\"https:\/\/hotelmardeplatasarria.com\/de\/datenschutzbestimmungen\/\",\"name\":\"Datenschutzbestimmungen - Hotel Mar de Plata\",\"isPartOf\":{\"@id\":\"https:\/\/hotelmardeplatasarria.com\/de\/#website\"},\"datePublished\":\"2022-10-26T06:50:28+00:00\",\"dateModified\":\"2024-06-17T12:03:33+00:00\",\"breadcrumb\":{\"@id\":\"https:\/\/hotelmardeplatasarria.com\/de\/datenschutzbestimmungen\/#breadcrumb\"},\"inLanguage\":\"de\",\"potentialAction\":[{\"@type\":\"ReadAction\",\"target\":[\"https:\/\/hotelmardeplatasarria.com\/de\/datenschutzbestimmungen\/\"]}]},{\"@type\":\"BreadcrumbList\",\"@id\":\"https:\/\/hotelmardeplatasarria.com\/de\/datenschutzbestimmungen\/#breadcrumb\",\"itemListElement\":[{\"@type\":\"ListItem\",\"position\":1,\"name\":\"Portada\",\"item\":\"https:\/\/hotelmardeplatasarria.com\/de\/startseite\/\"},{\"@type\":\"ListItem\",\"position\":2,\"name\":\"Datenschutzbestimmungen\"}]},{\"@type\":\"WebSite\",\"@id\":\"https:\/\/hotelmardeplatasarria.com\/de\/#website\",\"url\":\"https:\/\/hotelmardeplatasarria.com\/de\/\",\"name\":\"Hotel Mar de Plata\",\"description\":\"Hotel Restaurante Mar de Plata\",\"publisher\":{\"@id\":\"https:\/\/hotelmardeplatasarria.com\/de\/#organization\"},\"potentialAction\":[{\"@type\":\"SearchAction\",\"target\":{\"@type\":\"EntryPoint\",\"urlTemplate\":\"https:\/\/hotelmardeplatasarria.com\/de\/?s={search_term_string}\"},\"query-input\":{\"@type\":\"PropertyValueSpecification\",\"valueRequired\":true,\"valueName\":\"search_term_string\"}}],\"inLanguage\":\"de\"},{\"@type\":\"Organization\",\"@id\":\"https:\/\/hotelmardeplatasarria.com\/de\/#organization\",\"name\":\"Hotel Mar de Plata\",\"url\":\"https:\/\/hotelmardeplatasarria.com\/de\/\",\"logo\":{\"@type\":\"ImageObject\",\"inLanguage\":\"de\",\"@id\":\"https:\/\/hotelmardeplatasarria.com\/de\/#\/schema\/logo\/image\/\",\"url\":\"https:\/\/hotelmardeplatasarria.com\/wp-content\/uploads\/cropped-Diseno-sin-titulo107.png\",\"contentUrl\":\"https:\/\/hotelmardeplatasarria.com\/wp-content\/uploads\/cropped-Diseno-sin-titulo107.png\",\"width\":470,\"height\":357,\"caption\":\"Hotel Mar de Plata\"},\"image\":{\"@id\":\"https:\/\/hotelmardeplatasarria.com\/de\/#\/schema\/logo\/image\/\"}}]}<\/script>\n<!-- \/ Yoast SEO plugin. -->","yoast_head_json":{"title":"Datenschutzbestimmungen - Hotel Mar de Plata","robots":{"index":"index","follow":"follow","max-snippet":"max-snippet:-1","max-image-preview":"max-image-preview:large","max-video-preview":"max-video-preview:-1"},"canonical":"https:\/\/hotelmardeplatasarria.com\/de\/datenschutzbestimmungen\/","og_locale":"de_DE","og_type":"article","og_title":"Datenschutzbestimmungen - Hotel Mar de Plata","og_description":"Pers\u00f6nliche Daten: Diese Datenschutzrichtlinie beschreibt, wie das Hotel Mar de Plata (&#8222;wir&#8220;, &#8222;uns&#8220;, &#8222;unser&#8220; oder &#8222;uns&#8220;) die pers\u00f6nlichen Daten, die Sie uns bei der Nutzung unserer Dienste und beim Besuch unserer Website zur Verf\u00fcgung stellen, erfasst, verwendet und sch\u00fctzt. 1....","og_url":"https:\/\/hotelmardeplatasarria.com\/de\/datenschutzbestimmungen\/","og_site_name":"Hotel Mar de Plata","article_modified_time":"2024-06-17T12:03:33+00:00","twitter_card":"summary_large_image","twitter_misc":{"Gesch\u00e4tzte Lesezeit":"2\u00a0Minuten"},"schema":{"@context":"https:\/\/schema.org","@graph":[{"@type":"WebPage","@id":"https:\/\/hotelmardeplatasarria.com\/de\/datenschutzbestimmungen\/","url":"https:\/\/hotelmardeplatasarria.com\/de\/datenschutzbestimmungen\/","name":"Datenschutzbestimmungen - Hotel Mar de Plata","isPartOf":{"@id":"https:\/\/hotelmardeplatasarria.com\/de\/#website"},"datePublished":"2022-10-26T06:50:28+00:00","dateModified":"2024-06-17T12:03:33+00:00","breadcrumb":{"@id":"https:\/\/hotelmardeplatasarria.com\/de\/datenschutzbestimmungen\/#breadcrumb"},"inLanguage":"de","potentialAction":[{"@type":"ReadAction","target":["https:\/\/hotelmardeplatasarria.com\/de\/datenschutzbestimmungen\/"]}]},{"@type":"BreadcrumbList","@id":"https:\/\/hotelmardeplatasarria.com\/de\/datenschutzbestimmungen\/#breadcrumb","itemListElement":[{"@type":"ListItem","position":1,"name":"Portada","item":"https:\/\/hotelmardeplatasarria.com\/de\/startseite\/"},{"@type":"ListItem","position":2,"name":"Datenschutzbestimmungen"}]},{"@type":"WebSite","@id":"https:\/\/hotelmardeplatasarria.com\/de\/#website","url":"https:\/\/hotelmardeplatasarria.com\/de\/","name":"Hotel Mar de Plata","description":"Hotel Restaurante Mar de Plata","publisher":{"@id":"https:\/\/hotelmardeplatasarria.com\/de\/#organization"},"potentialAction":[{"@type":"SearchAction","target":{"@type":"EntryPoint","urlTemplate":"https:\/\/hotelmardeplatasarria.com\/de\/?s={search_term_string}"},"query-input":{"@type":"PropertyValueSpecification","valueRequired":true,"valueName":"search_term_string"}}],"inLanguage":"de"},{"@type":"Organization","@id":"https:\/\/hotelmardeplatasarria.com\/de\/#organization","name":"Hotel Mar de Plata","url":"https:\/\/hotelmardeplatasarria.com\/de\/","logo":{"@type":"ImageObject","inLanguage":"de","@id":"https:\/\/hotelmardeplatasarria.com\/de\/#\/schema\/logo\/image\/","url":"https:\/\/hotelmardeplatasarria.com\/wp-content\/uploads\/cropped-Diseno-sin-titulo107.png","contentUrl":"https:\/\/hotelmardeplatasarria.com\/wp-content\/uploads\/cropped-Diseno-sin-titulo107.png","width":470,"height":357,"caption":"Hotel Mar de Plata"},"image":{"@id":"https:\/\/hotelmardeplatasarria.com\/de\/#\/schema\/logo\/image\/"}}]}},"_links":{"self":[{"href":"https:\/\/hotelmardeplatasarria.com\/de\/wp-json\/wp\/v2\/pages\/2914","targetHints":{"allow":["GET"]}}],"collection":[{"href":"https:\/\/hotelmardeplatasarria.com\/de\/wp-json\/wp\/v2\/pages"}],"about":[{"href":"https:\/\/hotelmardeplatasarria.com\/de\/wp-json\/wp\/v2\/types\/page"}],"author":[{"embeddable":true,"href":"https:\/\/hotelmardeplatasarria.com\/de\/wp-json\/wp\/v2\/users\/1"}],"replies":[{"embeddable":true,"href":"https:\/\/hotelmardeplatasarria.com\/de\/wp-json\/wp\/v2\/comments?post=2914"}],"version-history":[{"count":1,"href":"https:\/\/hotelmardeplatasarria.com\/de\/wp-json\/wp\/v2\/pages\/2914\/revisions"}],"predecessor-version":[{"id":2915,"href":"https:\/\/hotelmardeplatasarria.com\/de\/wp-json\/wp\/v2\/pages\/2914\/revisions\/2915"}],"wp:attachment":[{"href":"https:\/\/hotelmardeplatasarria.com\/de\/wp-json\/wp\/v2\/media?parent=2914"}],"curies":[{"name":"wp","href":"https:\/\/api.w.org\/{rel}","templated":true}]}}